{"id":1197,"date":"2018-09-02T11:30:54","date_gmt":"2018-09-02T09:30:54","guid":{"rendered":"http:\/\/www.interiuris.com\/blog\/?page_id=1197"},"modified":"2018-09-02T11:30:54","modified_gmt":"2018-09-02T09:30:54","slug":"podcast-interiuris","status":"publish","type":"page","link":"https:\/\/www.interiuris.com\/blog\/podcast-interiuris\/","title":{"rendered":"Podcast Interiuris"},"content":{"rendered":"<p>Aqu\u00ed\u00ad pod\u00e9is encontrar un repositorio con todos los podcasts que fui publicando desde 2005 a 2008 aproximadamente, sobre Propiedad Intelectual, Derecho de Internet y Derecho del Entretenimiento. El contenido estar\u00e1, en algunos casos, desactualizado, por lo que contrasta la informaci\u00f3n y, sobre todo, acude a un abogado de confianza, antes de tomar decisiones que puedan tener implicaciones jur\u00ed\u00addicas.<\/p>\n<p><a href=\"http:\/\/www.interiuris.com\/podcast\/audio\/64kbs\/Podcast-Interiuris-1-64kbs.mp3\" target=\"_blank\" rel=\"noopener\">\u2013 Podcast Interiuris 1<\/a><\/p>\n<p><a href=\"http:\/\/www.interiuris.com\/podcast\/audio\/64kbs\/Podcast-Interiuris-2-64kbs.mp3\" target=\"_blank\" rel=\"noopener\">\u2013 Podcast Interiuris 2<\/a><\/p>\n<p><a href=\"http:\/\/www.interiuris.com\/podcast\/audio\/64kbs\/Podcast-Interiuris-3-64kbs.mp3\" target=\"_blank\" rel=\"noopener\">\u2013 Podcast Interiuris 3<\/a><\/p>\n<p><a href=\"http:\/\/www.interiuris.com\/podcast\/audio\/64kbs\/Podcast-Interiuris-4-64kbs.mp3\" target=\"_blank\" rel=\"noopener\">\u2013 Podcast Interiuris 4<\/a><\/p>\n<p><a href=\"http:\/\/www.interiuris.com\/podcast\/audio\/64kbs\/Podcast-Interiuris-5-64kbs.mp3\" target=\"_blank\" rel=\"noopener\">\u2013 Podcast Interiuris 5<\/a><\/p>\n<p><a href=\"http:\/\/www.interiuris.com\/podcast\/audio\/64kbs\/Podcast-Interiuris-6-64kbs.mp3\" target=\"_blank\" rel=\"noopener\">\u2013 Podcast Interiuris 6<\/a><\/p>\n<p><a href=\"http:\/\/www.interiuris.com\/podcast\/audio\/64kbs\/Podcast-Interiuris-7-64kbs.mp3\" target=\"_blank\" rel=\"noopener\">\u2013 Podcast Interiuris 7<\/a><\/p>\n<p><a href=\"http:\/\/www.interiuris.com\/podcast\/audio\/64kbs\/Podcast-Interiuris-8-64kbs.mp3\" target=\"_blank\" rel=\"noopener\">\u2013 Podcast Interiuris 8<\/a><\/p>\n<p><a href=\"http:\/\/www.interiuris.com\/podcast\/audio\/64kbs\/Podcast-Interiuris-9-64kbs.mp3\" target=\"_blank\" rel=\"noopener\">\u2013 Podcast Interiuris 9<\/a><\/p>\n<p><a href=\"http:\/\/www.interiuris.com\/podcast\/audio\/64kbs\/Podcast-Interiuris-10-64kbs.mp3\" target=\"_blank\" rel=\"noopener\">\u2013 Podcast Interiuris 10<\/a><\/p>\n<p><a href=\"http:\/\/www.interiuris.com\/podcast\/audio\/64kbs\/Podcast-Interiuris-11-64kbs.mp3\" target=\"_blank\" rel=\"noopener\">\u2013 Podcast Interiuris 11<\/a><\/p>\n<p><a href=\"http:\/\/www.interiuris.com\/podcast\/audio\/64kbs\/Podcast-Interiuris-12-64kbs.mp3\" target=\"_blank\" rel=\"noopener\">\u2013 Podcast Interiuris 12<\/a><\/p>\n<p><a href=\"http:\/\/www.interiuris.com\/podcast\/audio\/64kbs\/Podcast-Interiuris-13-64kbs.mp3\" target=\"_blank\" rel=\"noopener\">\u2013 Podcast Interiuris 13<\/a><\/p>\n<p><a href=\"http:\/\/www.interiuris.com\/podcast\/audio\/64kbs\/Podcast-Interiuris-14-64kbs.mp3\" target=\"_blank\" rel=\"noopener\">\u2013 Podcast Interiuris 14<\/a><\/p>\n<p><a href=\"http:\/\/www.interiuris.com\/podcast\/audio\/64kbs\/Podcast-Interiuris-15-64kbs.mp3\" target=\"_blank\" rel=\"noopener\">\u2013 Podcast Interiuris 15<\/a><\/p>\n<p><a href=\"http:\/\/www.interiuris.com\/podcast\/audio\/64kbs\/Podcast-Interiuris-16-64kbs.mp3\" target=\"_blank\" rel=\"noopener\">\u2013 Podcast Interiuris 16<\/a><\/p>\n<p><a href=\"http:\/\/www.interiuris.com\/podcast\/audio\/64kbs\/Podcast-Interiuris-17-64kbs.mp3\" target=\"_blank\" rel=\"noopener\">\u2013 Podcast Interiuris 17<\/a><\/p>\n<p><a href=\"http:\/\/www.interiuris.com\/podcast\/audio\/64kbs\/Podcast-Interiuris-18-64kbs.mp3\" target=\"_blank\" rel=\"noopener\">\u2013 Podcast Interiuris 18<\/a><\/p>\n<p><a href=\"http:\/\/www.interiuris.com\/podcast\/audio\/64kbs\/Podcast-Interiuris-19-64kbs.mp3\" target=\"_blank\" rel=\"noopener\">\u2013 Podcast Interiuris 19<\/a><\/p>\n<p><a href=\"http:\/\/www.interiuris.com\/podcast\/audio\/64kbs\/Podcast-Interiuris-20-64kbs.mp3\" target=\"_blank\" rel=\"noopener\">\u2013 Podcast Interiuris 20<\/a><\/p>\n<p><a href=\"http:\/\/www.interiuris.com\/podcast\/audio\/64kbs\/Podcast-Interiuris-21-64kbs.mp3\" target=\"_blank\" rel=\"noopener\">\u2013 Podcast Interiuris 21<\/a><\/p>\n<p><a href=\"http:\/\/www.interiuris.com\/podcast\/audio\/64kbs\/Podcast-Interiuris-22-64kbs.mp3\" target=\"_blank\" rel=\"noopener\">\u2013 Podcast Interiuris 22<\/a><\/p>\n<p><a href=\"http:\/\/www.interiuris.com\/podcast\/audio\/64kbs\/Podcast-Interiuris-23-64kbs.mp3\" target=\"_blank\" rel=\"noopener\">\u2013 Podcast Interiuris 23<\/a><\/p>\n<p><a href=\"http:\/\/www.interiuris.com\/podcast\/audio\/64kbs\/Podcast-Interiuris-24-64kbs.mp3\" target=\"_blank\" rel=\"noopener\">\u2013 Podcast Interiuris 24<\/a><\/p>\n<p><a href=\"http:\/\/www.interiuris.com\/podcast\/audio\/64kbs\/Podcast-Interiuris-25-64kbs.mp3\" target=\"_blank\" rel=\"noopener\">\u2013 Podcast Interiuris 25<\/a><\/p>\n<p><a href=\"http:\/\/www.interiuris.com\/podcast\/audio\/64kbs\/Podcast-Interiuris-26-64kbs.mp3\" target=\"_blank\" rel=\"noopener\">\u2013 Podcast Interiuris 26<\/a><\/p>\n<p><a href=\"http:\/\/www.interiuris.com\/podcast\/audio\/64kbs\/Podcast-Interiuris-27-64kbs.mp3\" target=\"_blank\" rel=\"noopener\">\u2013 Podcast Interiuris 27<\/a><\/p>\n<p><a href=\"http:\/\/www.interiuris.com\/podcast\/audio\/64kbs\/Podcast-Interiuris-28-64kbs.mp3\" target=\"_blank\" rel=\"noopener\">\u2013 Podcast Interiuris 28<\/a><\/p>\n<p><a href=\"http:\/\/www.interiuris.com\/podcast\/audio\/64kbs\/Podcast-Interiuris-29-64kbs.mp3\" target=\"_blank\" rel=\"noopener\">\u2013 Podcast Interiuris 29<\/a><\/p>\n<p><a href=\"http:\/\/www.interiuris.com\/podcast\/audio\/64kbs\/Podcast-Interiuris-30-64kbs.mp3\" target=\"_blank\" rel=\"noopener\">\u2013 Podcast Interiuris 30<\/a><\/p>\n<p><a href=\"http:\/\/www.interiuris.com\/podcast\/audio\/64kbs\/Podcast-Interiuris-31-64kbs.mp3\" target=\"_blank\" rel=\"noopener\">\u2013 Podcast Interiuris 31<\/a><\/p>\n<p><a href=\"http:\/\/www.interiuris.com\/podcast\/audio\/64kbs\/Podcast-Interiuris-32-64kbs.mp3\" target=\"_blank\" rel=\"noopener\">\u2013 Podcast Interiuris 32<\/a><\/p>\n<p><a href=\"http:\/\/www.interiuris.com\/podcast\/audio\/64kbs\/Podcast-Interiuris-33-64kbs.mp3\" target=\"_blank\" rel=\"noopener\">\u2013 Podcast Interiuris 33<\/a><\/p>\n<p><a href=\"http:\/\/www.interiuris.com\/podcast\/audio\/64kbs\/Podcast-Interiuris-34-64kbs.mp3\" target=\"_blank\" rel=\"noopener\">\u2013 Podcast Interiuris 34<\/a><\/p>\n<p><a href=\"http:\/\/www.interiuris.com\/podcast\/audio\/64kbs\/Podcast-Interiuris-35-64kbs.mp3\" target=\"_blank\" rel=\"noopener\">\u2013 Podcast Interiuris 35<\/a><\/p>\n<p><a href=\"http:\/\/www.interiuris.com\/podcast\/audio\/64kbs\/Podcast-Interiuris-36-64kbs.mp3\" target=\"_blank\" rel=\"noopener\">\u2013 Podcast Interiuris 36<\/a><\/p>\n<p><a href=\"http:\/\/www.interiuris.com\/podcast\/audio\/64kbs\/Podcast-Interiuris-37-64kbs.mp3\" target=\"_blank\" rel=\"noopener\">\u2013 Podcast Interiuris 37<\/a><\/p>\n<p><a href=\"http:\/\/www.interiuris.com\/podcast\/audio\/64kbs\/Podcast-Interiuris-38-64kbs.mp3\" target=\"_blank\" rel=\"noopener\">\u2013 Podcast Interiuris 38<\/a><\/p>\n<p><a href=\"http:\/\/www.interiuris.com\/podcast\/audio\/64kbs\/Podcast-Interiuris-39-64kbs.mp3\" target=\"_blank\" rel=\"noopener\">\u2013 Podcast Interiuris 39<\/a><\/p>\n<p><a href=\"http:\/\/www.interiuris.com\/podcast\/audio\/64kbs\/Podcast-Interiuris-40-64kbs.mp3\" target=\"_blank\" rel=\"noopener\">\u2013 Podcast Interiuris 40<\/a><\/p>\n<p><a href=\"http:\/\/www.interiuris.com\/podcast\/audio\/64kbs\/Podcast-Interiuris-41-64kbs.mp3\" target=\"_blank\" rel=\"noopener\">\u2013 Podcast Interiuris 41<\/a><\/p>\n<p><a href=\"http:\/\/www.interiuris.com\/podcast\/audio\/64kbs\/Podcast-Interiuris-42-64kbs.mp3\" target=\"_blank\" rel=\"noopener\">\u2013 Podcast Interiuris 42<\/a><\/p>\n<p><a href=\"http:\/\/www.interiuris.com\/podcast\/audio\/64kbs\/Podcast-Interiuris-43-64kbs.mp3\" target=\"_blank\" rel=\"noopener\">\u2013 Podcast Interiuris 43<\/a><\/p>\n<p><a href=\"http:\/\/www.interiuris.com\/podcast\/audio\/64kbs\/Podcast-Interiuris-44-64kbs.mp3\" target=\"_blank\" rel=\"noopener\">\u2013 Podcast Interiuris 44<\/a><\/p>\n<p><a href=\"http:\/\/www.interiuris.com\/podcast\/audio\/64kbs\/Podcast-Interiuris-45-64kbs.mp3\" target=\"_blank\" rel=\"noopener\">\u2013 Podcast Interiuris 45<\/a><\/p>\n<p><a href=\"http:\/\/www.interiuris.com\/podcast\/audio\/64kbs\/Podcast-Interiuris-46-64kbs.mp3\" target=\"_blank\" rel=\"noopener\">\u2013 Podcast Interiuris 46<\/a><\/p>\n<p><a href=\"http:\/\/www.interiuris.com\/podcast\/audio\/64kbs\/Podcast-Interiuris-47-64kbs.mp3\" target=\"_blank\" rel=\"noopener\">\u2013 Podcast Interiuris 47<\/a><\/p>\n<p><a href=\"http:\/\/www.interiuris.com\/podcast\/audio\/64kbs\/Podcast-Interiuris-48-64kbs.mp3\" target=\"_blank\" rel=\"noopener\">\u2013 Podcast Interiuris 48<\/a><\/p>\n<p><a href=\"http:\/\/www.interiuris.com\/podcast\/audio\/64kbs\/Podcast-Interiuris-49-64kbs.mp3\" target=\"_blank\" rel=\"noopener\">\u2013 Podcast Interiuris 49<\/a><\/p>\n<p><a href=\"http:\/\/www.interiuris.com\/podcast\/audio\/64kbs\/Podcast-Interiuris-50-Derecho-en-Red-64kbs.mp3\" target=\"_blank\" rel=\"noopener\">\u2013 Podcast Interiuris 50<\/a><\/p>\n<p><a href=\"http:\/\/www.interiuris.com\/podcast\/audio\/64kbs\/Podcast-Interiuris-dia-p.i.-2008-64kbs.mp3\" target=\"_blank\" rel=\"noopener\">\u2013 Podcast Interiuris D\u00ed\u00ada de la Propiedad Intelectual 2008<\/a><\/p>\n\n<div class=\"twitter-share\"><a href=\"https:\/\/twitter.com\/intent\/tweet?via=andyramosgil\" class=\"twitter-share-button\">Twittear<\/a><\/div>\n","protected":false},"excerpt":{"rendered":"<p>Aqu\u00ed\u00ad pod\u00e9is encontrar un repositorio con todos los podcasts que fui publicando desde 2005 a 2008 aproximadamente, sobre Propiedad Intelectual,&#8230;<\/p>\n","protected":false},"author":1,"featured_media":0,"parent":0,"menu_order":0,"comment_status":"closed","ping_status":"closed","template":"","meta":{"footnotes":""},"_links":{"self":[{"href":"https:\/\/www.interiuris.com\/blog\/wp-json\/wp\/v2\/pages\/1197"}],"collection":[{"href":"https:\/\/www.interiuris.com\/blog\/wp-json\/wp\/v2\/pages"}],"about":[{"href":"https:\/\/www.interiuris.com\/blog\/wp-json\/wp\/v2\/types\/page"}],"author":[{"embeddable":true,"href":"https:\/\/www.interiuris.com\/blog\/wp-json\/wp\/v2\/users\/1"}],"replies":[{"embeddable":true,"href":"https:\/\/www.interiuris.com\/blog\/wp-json\/wp\/v2\/comments?post=1197"}],"version-history":[{"count":1,"href":"https:\/\/www.interiuris.com\/blog\/wp-json\/wp\/v2\/pages\/1197\/revisions"}],"predecessor-version":[{"id":1199,"href":"https:\/\/www.interiuris.com\/blog\/wp-json\/wp\/v2\/pages\/1197\/revisions\/1199"}],"wp:attachment":[{"href":"https:\/\/www.interiuris.com\/blog\/wp-json\/wp\/v2\/media?parent=1197"}],"curies":[{"name":"wp","href":"https:\/\/api.w.org\/{rel}","templated":true}]}}